{"id":14167,"date":"2023-10-13T18:15:45","date_gmt":"2023-10-13T21:15:45","guid":{"rendered":"https:\/\/espacioelectricos.cl\/?page_id=14167"},"modified":"2025-07-04T04:51:49","modified_gmt":"2025-07-04T08:51:49","slug":"politica_compra","status":"publish","type":"page","link":"https:\/\/insumosmedicosoal.cl\/?page_id=14167","title":{"rendered":"Pol\u00edtica de Compra"},"content":{"rendered":"\t\t<div data-elementor-type=\"wp-page\" data-elementor-id=\"14167\" class=\"elementor elementor-14167\" data-elementor-post-type=\"page\">\n\t\t\t\t\t\t\t<div class=\"elementor-element elementor-element-ebf1a5f e-flex e-con-boxed e-con e-parent\" data-id=\"ebf1a5f\" data-element_type=\"container\" data-settings=\"{&quot;content_width&quot;:&quot;boxed&quot;}\" data-core-v316-plus=\"true\">\n\t\t\t\t\t<div class=\"e-con-inner\">\n\t\t<div class=\"elementor-element elementor-element-2bfa028 e-con-full e-flex e-con e-child\" data-id=\"2bfa028\" data-element_type=\"container\" data-settings=\"{&quot;content_width&quot;:&quot;full&quot;}\">\n\t\t\t\t<div class=\"elementor-element elementor-element-7fc4bee elementor-widget elementor-widget-heading\" data-id=\"7fc4bee\" data-element_type=\"widget\" data-widget_type=\"heading.default\">\n\t\t\t\t<div class=\"elementor-widget-container\">\n\t\t\t<style>\/*! elementor - v3.16.0 - 13-09-2023 *\/\n.elementor-heading-title{padding:0;margin:0;line-height:1}.elementor-widget-heading .elementor-heading-title[class*=elementor-size-]>a{color:inherit;font-size:inherit;line-height:inherit}.elementor-widget-heading .elementor-heading-title.elementor-size-small{font-size:15px}.elementor-widget-heading .elementor-heading-title.elementor-size-medium{font-size:19px}.elementor-widget-heading .elementor-heading-title.elementor-size-large{font-size:29px}.elementor-widget-heading .elementor-heading-title.elementor-size-xl{font-size:39px}.elementor-widget-heading .elementor-heading-title.elementor-size-xxl{font-size:59px}<\/style><h2 class=\"elementor-heading-title elementor-size-default\">Pol\u00edtica de Compra<\/h2>\t\t<\/div>\n\t\t\t\t<\/div>\n\t\t\t\t<div class=\"elementor-element elementor-element-57f1879 elementor-widget elementor-widget-image\" data-id=\"57f1879\" data-element_type=\"widget\" data-widget_type=\"image.default\">\n\t\t\t\t<div class=\"elementor-widget-container\">\n\t\t\t<style>\/*! elementor - v3.16.0 - 13-09-2023 *\/\n.elementor-widget-image{text-align:center}.elementor-widget-image a{display:inline-block}.elementor-widget-image a img[src$=\".svg\"]{width:48px}.elementor-widget-image img{vertical-align:middle;display:inline-block}<\/style>\t\t\t\t\t\t\t\t\t\t\t\t<img loading=\"lazy\" decoding=\"async\" width=\"660\" height=\"187\" src=\"https:\/\/insumosmedicosoal.cl\/wp-content\/uploads\/2021\/02\/Insumos-medicos-Santiago-logo-web-1024x290.jpg\" class=\"attachment-large size-large wp-image-14665\" alt=\"\" srcset=\"https:\/\/insumosmedicosoal.cl\/wp-content\/uploads\/2021\/02\/Insumos-medicos-Santiago-logo-web-1024x290.jpg 1024w, https:\/\/insumosmedicosoal.cl\/wp-content\/uploads\/2021\/02\/Insumos-medicos-Santiago-logo-web-300x85.jpg 300w, https:\/\/insumosmedicosoal.cl\/wp-content\/uploads\/2021\/02\/Insumos-medicos-Santiago-logo-web-768x217.jpg 768w, https:\/\/insumosmedicosoal.cl\/wp-content\/uploads\/2021\/02\/Insumos-medicos-Santiago-logo-web-600x170.jpg 600w, https:\/\/insumosmedicosoal.cl\/wp-content\/uploads\/2021\/02\/Insumos-medicos-Santiago-logo-web.jpg 1364w\" sizes=\"auto, (max-width: 660px) 100vw, 660px\" \/>\t\t\t\t\t\t\t\t\t\t\t\t\t\t\t<\/div>\n\t\t\t\t<\/div>\n\t\t\t\t<div class=\"elementor-element elementor-element-dcba1b1 elementor-widget elementor-widget-text-editor\" data-id=\"dcba1b1\" data-element_type=\"widget\" data-widget_type=\"text-editor.default\">\n\t\t\t\t<div class=\"elementor-widget-container\">\n\t\t\t<style>\/*! elementor - v3.16.0 - 13-09-2023 *\/\n.elementor-widget-text-editor.elementor-drop-cap-view-stacked .elementor-drop-cap{background-color:#69727d;color:#fff}.elementor-widget-text-editor.elementor-drop-cap-view-framed .elementor-drop-cap{color:#69727d;border:3px solid;background-color:transparent}.elementor-widget-text-editor:not(.elementor-drop-cap-view-default) .elementor-drop-cap{margin-top:8px}.elementor-widget-text-editor:not(.elementor-drop-cap-view-default) .elementor-drop-cap-letter{width:1em;height:1em}.elementor-widget-text-editor .elementor-drop-cap{float:left;text-align:center;line-height:1;font-size:50px}.elementor-widget-text-editor .elementor-drop-cap-letter{display:inline-block}<\/style>\t\t\t\t<div class=\"et_pb_module et_pb_text et_pb_text_0 et_pb_text_align_left et_pb_bg_layout_light\"><div class=\"et_pb_text_inner\"><p data-start=\"390\" data-end=\"674\"><strong data-start=\"390\" data-end=\"411\">1. Medios de Pago<\/strong><br data-start=\"411\" data-end=\"414\" \/>Distribuidora de Insumos M\u00e9dicos y Ortop\u00e9dicos acepta pagos a trav\u00e9s de tarjetas de cr\u00e9dito, d\u00e9bito, transferencias bancarias y otros medios electr\u00f3nicos habilitados en nuestro sitio web. Los pagos se procesan de forma segura mediante pasarelas certificadas.<\/p><p data-start=\"676\" data-end=\"842\"><strong data-start=\"676\" data-end=\"705\">2. Confirmaci\u00f3n de Compra<\/strong><br data-start=\"705\" data-end=\"708\" \/>Toda compra realizada en nuestro sitio web ser\u00e1 confirmada v\u00eda correo electr\u00f3nico al cliente, una vez recibido y verificado el pago.<\/p><p data-start=\"844\" data-end=\"1107\"><strong data-start=\"844\" data-end=\"873\">3. Stock y Disponibilidad<\/strong><br data-start=\"873\" data-end=\"876\" \/>Los productos publicados est\u00e1n sujetos a disponibilidad de stock al momento de la compra. En caso de quiebres de stock, nos pondremos en contacto para ofrecer una alternativa o realizar la devoluci\u00f3n del dinero seg\u00fan corresponda.<\/p><p data-start=\"1109\" data-end=\"1251\"><strong data-start=\"1109\" data-end=\"1127\">4. Facturaci\u00f3n<\/strong><br data-start=\"1127\" data-end=\"1130\" \/>Al momento de la compra, el cliente podr\u00e1 solicitar boleta o factura, completando los datos requeridos para su emisi\u00f3n.<\/p><\/div><\/div>\t\t\t\t\t\t<\/div>\n\t\t\t\t<\/div>\n\t\t\t\t<\/div>\n\t\t<div class=\"elementor-element elementor-element-074cb38 e-con-full e-flex e-con e-child\" data-id=\"074cb38\" data-element_type=\"container\" data-settings=\"{&quot;content_width&quot;:&quot;full&quot;}\">\n\t\t\t\t<div class=\"elementor-element elementor-element-847e4a0 elementor-icon-list--layout-traditional elementor-list-item-link-full_width elementor-widget elementor-widget-icon-list\" data-id=\"847e4a0\" data-element_type=\"widget\" data-widget_type=\"icon-list.default\">\n\t\t\t\t<div class=\"elementor-widget-container\">\n\t\t\t<link rel=\"stylesheet\" href=\"https:\/\/insumosmedicosoal.cl\/wp-content\/plugins\/elementor\/assets\/css\/widget-icon-list.min.css\">\t\t<ul class=\"elementor-icon-list-items\">\n\t\t\t\t\t\t\t<li class=\"elementor-icon-list-item\">\n\t\t\t\t\t\t\t\t\t\t\t<a href=\"https:\/\/insumosmedicosoal.cl\/?page_id=14167\">\n\n\t\t\t\t\t\t\t\t\t\t\t\t<span class=\"elementor-icon-list-icon\">\n\t\t\t\t\t\t\t<i aria-hidden=\"true\" class=\"far fa-lightbulb\"><\/i>\t\t\t\t\t\t<\/span>\n\t\t\t\t\t\t\t\t\t\t<span class=\"elementor-icon-list-text\">POLITICA DE COMPRA<\/span>\n\t\t\t\t\t\t\t\t\t\t\t<\/a>\n\t\t\t\t\t\t\t\t\t<\/li>\n\t\t\t\t\t\t\t\t<li class=\"elementor-icon-list-item\">\n\t\t\t\t\t\t\t\t\t\t\t<a href=\"https:\/\/insumosmedicosoal.cl\/?page_id=14757\">\n\n\t\t\t\t\t\t\t\t\t\t\t\t<span class=\"elementor-icon-list-icon\">\n\t\t\t\t\t\t\t<i aria-hidden=\"true\" class=\"fas fa-suitcase\"><\/i>\t\t\t\t\t\t<\/span>\n\t\t\t\t\t\t\t\t\t\t<span class=\"elementor-icon-list-text\">POLITICA DE ENVIO<\/span>\n\t\t\t\t\t\t\t\t\t\t\t<\/a>\n\t\t\t\t\t\t\t\t\t<\/li>\n\t\t\t\t\t\t\t\t<li class=\"elementor-icon-list-item\">\n\t\t\t\t\t\t\t\t\t\t\t<a href=\"https:\/\/insumosmedicosoal.cl\/?page_id=14762\">\n\n\t\t\t\t\t\t\t\t\t\t\t\t<span class=\"elementor-icon-list-icon\">\n\t\t\t\t\t\t\t<i aria-hidden=\"true\" class=\"fas fa-wrench\"><\/i>\t\t\t\t\t\t<\/span>\n\t\t\t\t\t\t\t\t\t\t<span class=\"elementor-icon-list-text\">POLITICA DE CAMBIOS<\/span>\n\t\t\t\t\t\t\t\t\t\t\t<\/a>\n\t\t\t\t\t\t\t\t\t<\/li>\n\t\t\t\t\t\t\t\t<li class=\"elementor-icon-list-item\">\n\t\t\t\t\t\t\t\t\t\t\t<a href=\"https:\/\/api.whatsapp.com\/send?phone=56920762645&#038;text=Hola%20Insumos%20Medicos,%20escribo%20porque%20me%20gustar\u00eda%20consultar%20sobre:\" target=\"_blank\">\n\n\t\t\t\t\t\t\t\t\t\t\t\t<span class=\"elementor-icon-list-icon\">\n\t\t\t\t\t\t\t<i aria-hidden=\"true\" class=\"fab fa-whatsapp\"><\/i>\t\t\t\t\t\t<\/span>\n\t\t\t\t\t\t\t\t\t\t<span class=\"elementor-icon-list-text\">Whatsapp: +56 9 2076 2645<\/span>\n\t\t\t\t\t\t\t\t\t\t\t<\/a>\n\t\t\t\t\t\t\t\t\t<\/li>\n\t\t\t\t\t\t\t\t<li class=\"elementor-icon-list-item\">\n\t\t\t\t\t\t\t\t\t\t\t<span class=\"elementor-icon-list-icon\">\n\t\t\t\t\t\t\t<i aria-hidden=\"true\" class=\"fas fa-phone-volume\"><\/i>\t\t\t\t\t\t<\/span>\n\t\t\t\t\t\t\t\t\t\t<span class=\"elementor-icon-list-text\">Horario Oficina: Lunes a Viernes 10:00am a 18:00Hrs<\/span>\n\t\t\t\t\t\t\t\t\t<\/li>\n\t\t\t\t\t\t<\/ul>\n\t\t\t\t<\/div>\n\t\t\t\t<\/div>\n\t\t\t\t<div class=\"elementor-element elementor-element-2c83984 elementor-align-center elementor-widget elementor-widget-button\" data-id=\"2c83984\" data-element_type=\"widget\" data-widget_type=\"button.default\">\n\t\t\t\t<div class=\"elementor-widget-container\">\n\t\t\t\t\t<div class=\"elementor-button-wrapper\">\n\t\t\t<a class=\"elementor-button elementor-button-link elementor-size-sm elementor-animation-shrink\" href=\"https:\/\/maps.app.goo.gl\/2sc4VvULyrUSawDW9\" target=\"_blank\">\n\t\t\t\t\t\t<span class=\"elementor-button-content-wrapper\">\n\t\t\t\t\t\t<span class=\"elementor-button-text\">COMO LLEGAR <BR> GOOGLE MAPS<\/span>\n\t\t<\/span>\n\t\t\t\t\t<\/a>\n\t\t<\/div>\n\t\t\t\t<\/div>\n\t\t\t\t<\/div>\n\t\t\t\t<div class=\"elementor-element elementor-element-73af637 elementor-align-center elementor-widget elementor-widget-button\" data-id=\"73af637\" data-element_type=\"widget\" data-widget_type=\"button.default\">\n\t\t\t\t<div class=\"elementor-widget-container\">\n\t\t\t\t\t<div class=\"elementor-button-wrapper\">\n\t\t\t<a class=\"elementor-button elementor-button-link elementor-size-sm elementor-animation-pulse\" href=\"https:\/\/api.whatsapp.com\/send?phone=56920762645&#038;text=Hola%20Distribuidora%20Soal%20escribo%20porque%20me%20gustar\u00eda%20consultar%20sobre:\" target=\"_blank\">\n\t\t\t\t\t\t<span class=\"elementor-button-content-wrapper\">\n\t\t\t\t\t\t<span class=\"elementor-button-text\">CONTACTAR WHATSAPP<\/span>\n\t\t<\/span>\n\t\t\t\t\t<\/a>\n\t\t<\/div>\n\t\t\t\t<\/div>\n\t\t\t\t<\/div>\n\t\t\t\t<div class=\"elementor-element elementor-element-76bad22 elementor-widget elementor-widget-html\" data-id=\"76bad22\" data-element_type=\"widget\" data-widget_type=\"html.default\">\n\t\t\t\t<div class=\"elementor-widget-container\">\n\t\t\t<iframe src=\"https:\/\/www.google.com\/maps\/embed?pb=!1m18!1m12!1m3!1d3329.1950774546754!2d-70.72751032357641!3d-33.444223797194574!2m3!1f0!2f0!3f0!3m2!1i1024!2i768!4f13.1!3m3!1m2!1s0x9662c55e55179883%3A0x5ded748f4a7070b9!2sDistribuidora%20SOAL%20-%20Insumos%20m%C3%A9dicos!5e0!3m2!1ses!2ses!4v1750173500911!5m2!1ses!2ses\" width=\"600\" height=\"450\" style=\"border:0;\" allowfullscreen=\"\" loading=\"lazy\" referrerpolicy=\"no-referrer-when-downgrade\"><\/iframe>\t\t<\/div>\n\t\t\t\t<\/div>\n\t\t\t\t<\/div>\n\t\t\t\t\t<\/div>\n\t\t\t\t<\/div>\n\t\t\t\t\t\t\t<\/div>\n\t\t","protected":false},"excerpt":{"rendered":"<p>Pol\u00edtica de Compra 1. Medios de PagoDistribuidora de Insumos M\u00e9dicos y Ortop\u00e9dicos acepta pagos a trav\u00e9s de tarjetas de cr\u00e9dito, d\u00e9bito, transferencias bancarias y otros medios electr\u00f3nicos habilitados en nuestro sitio web. Los pagos se procesan de forma segura mediante pasarelas certificadas. 2. Confirmaci\u00f3n de CompraToda compra realizada en nuestro sitio web ser\u00e1 confirmada v\u00eda &hellip; <br \/><a href=\"https:\/\/insumosmedicosoal.cl\/?page_id=14167\" class=\"more-link\">Continue reading <span class=\"screen-reader-text\">Pol\u00edtica de Compra<\/span><\/a><\/p>\n","protected":false},"author":1,"featured_media":0,"parent":0,"menu_order":0,"comment_status":"closed","ping_status":"closed","template":"","meta":{"footnotes":""},"class_list":["post-14167","page","type-page","status-publish","hentry"],"_links":{"self":[{"href":"https:\/\/insumosmedicosoal.cl\/index.php?rest_route=\/wp\/v2\/pages\/14167","targetHints":{"allow":["GET"]}}],"collection":[{"href":"https:\/\/insumosmedicosoal.cl\/index.php?rest_route=\/wp\/v2\/pages"}],"about":[{"href":"https:\/\/insumosmedicosoal.cl\/index.php?rest_route=\/wp\/v2\/types\/page"}],"author":[{"embeddable":true,"href":"https:\/\/insumosmedicosoal.cl\/index.php?rest_route=\/wp\/v2\/users\/1"}],"replies":[{"embeddable":true,"href":"https:\/\/insumosmedicosoal.cl\/index.php?rest_route=%2Fwp%2Fv2%2Fcomments&post=14167"}],"version-history":[{"count":35,"href":"https:\/\/insumosmedicosoal.cl\/index.php?rest_route=\/wp\/v2\/pages\/14167\/revisions"}],"predecessor-version":[{"id":14782,"href":"https:\/\/insumosmedicosoal.cl\/index.php?rest_route=\/wp\/v2\/pages\/14167\/revisions\/14782"}],"wp:attachment":[{"href":"https:\/\/insumosmedicosoal.cl\/index.php?rest_route=%2Fwp%2Fv2%2Fmedia&parent=14167"}],"curies":[{"name":"wp","href":"https:\/\/api.w.org\/{rel}","templated":true}]}}