{"id":14762,"date":"2025-07-04T04:45:58","date_gmt":"2025-07-04T08:45:58","guid":{"rendered":"https:\/\/insumosmedicosoal.cl\/?page_id=14762"},"modified":"2025-07-04T04:51:45","modified_gmt":"2025-07-04T08:51:45","slug":"politica-de-cambios","status":"publish","type":"page","link":"https:\/\/insumosmedicosoal.cl\/?page_id=14762","title":{"rendered":"Pol\u00edtica de Cambios"},"content":{"rendered":"\t\t<div data-elementor-type=\"wp-page\" data-elementor-id=\"14762\" class=\"elementor elementor-14762\" data-elementor-post-type=\"page\">\n\t\t\t\t\t\t\t<div class=\"elementor-element elementor-element-ebf1a5f e-flex e-con-boxed e-con e-parent\" data-id=\"ebf1a5f\" data-element_type=\"container\" data-settings=\"{&quot;content_width&quot;:&quot;boxed&quot;}\" data-core-v316-plus=\"true\">\n\t\t\t\t\t<div class=\"e-con-inner\">\n\t\t<div class=\"elementor-element elementor-element-2bfa028 e-con-full e-flex e-con e-child\" data-id=\"2bfa028\" data-element_type=\"container\" data-settings=\"{&quot;content_width&quot;:&quot;full&quot;}\">\n\t\t\t\t<div class=\"elementor-element elementor-element-7fc4bee elementor-widget elementor-widget-heading\" data-id=\"7fc4bee\" data-element_type=\"widget\" data-widget_type=\"heading.default\">\n\t\t\t\t<div class=\"elementor-widget-container\">\n\t\t\t<style>\/*! elementor - v3.16.0 - 13-09-2023 *\/\n.elementor-heading-title{padding:0;margin:0;line-height:1}.elementor-widget-heading .elementor-heading-title[class*=elementor-size-]>a{color:inherit;font-size:inherit;line-height:inherit}.elementor-widget-heading .elementor-heading-title.elementor-size-small{font-size:15px}.elementor-widget-heading .elementor-heading-title.elementor-size-medium{font-size:19px}.elementor-widget-heading .elementor-heading-title.elementor-size-large{font-size:29px}.elementor-widget-heading .elementor-heading-title.elementor-size-xl{font-size:39px}.elementor-widget-heading .elementor-heading-title.elementor-size-xxl{font-size:59px}<\/style><h2 class=\"elementor-heading-title elementor-size-default\">Pol\u00edtica de Cambios y Devoluciones<\/h2>\t\t<\/div>\n\t\t\t\t<\/div>\n\t\t\t\t<div class=\"elementor-element elementor-element-57f1879 elementor-widget elementor-widget-image\" data-id=\"57f1879\" data-element_type=\"widget\" data-widget_type=\"image.default\">\n\t\t\t\t<div class=\"elementor-widget-container\">\n\t\t\t<style>\/*! elementor - v3.16.0 - 13-09-2023 *\/\n.elementor-widget-image{text-align:center}.elementor-widget-image a{display:inline-block}.elementor-widget-image a img[src$=\".svg\"]{width:48px}.elementor-widget-image img{vertical-align:middle;display:inline-block}<\/style>\t\t\t\t\t\t\t\t\t\t\t\t<img decoding=\"async\" loading=\"lazy\" width=\"660\" height=\"187\" src=\"https:\/\/insumosmedicosoal.cl\/wp-content\/uploads\/2021\/02\/Insumos-medicos-Santiago-logo-web-1024x290.jpg\" class=\"attachment-large size-large wp-image-14665\" alt=\"\" srcset=\"https:\/\/insumosmedicosoal.cl\/wp-content\/uploads\/2021\/02\/Insumos-medicos-Santiago-logo-web-1024x290.jpg 1024w, https:\/\/insumosmedicosoal.cl\/wp-content\/uploads\/2021\/02\/Insumos-medicos-Santiago-logo-web-300x85.jpg 300w, https:\/\/insumosmedicosoal.cl\/wp-content\/uploads\/2021\/02\/Insumos-medicos-Santiago-logo-web-768x217.jpg 768w, https:\/\/insumosmedicosoal.cl\/wp-content\/uploads\/2021\/02\/Insumos-medicos-Santiago-logo-web-600x170.jpg 600w, https:\/\/insumosmedicosoal.cl\/wp-content\/uploads\/2021\/02\/Insumos-medicos-Santiago-logo-web.jpg 1364w\" sizes=\"(max-width: 660px) 100vw, 660px\" \/>\t\t\t\t\t\t\t\t\t\t\t\t\t\t\t<\/div>\n\t\t\t\t<\/div>\n\t\t\t\t<div class=\"elementor-element elementor-element-dcba1b1 elementor-widget elementor-widget-text-editor\" data-id=\"dcba1b1\" data-element_type=\"widget\" data-widget_type=\"text-editor.default\">\n\t\t\t\t<div class=\"elementor-widget-container\">\n\t\t\t<style>\/*! elementor - v3.16.0 - 13-09-2023 *\/\n.elementor-widget-text-editor.elementor-drop-cap-view-stacked .elementor-drop-cap{background-color:#69727d;color:#fff}.elementor-widget-text-editor.elementor-drop-cap-view-framed .elementor-drop-cap{color:#69727d;border:3px solid;background-color:transparent}.elementor-widget-text-editor:not(.elementor-drop-cap-view-default) .elementor-drop-cap{margin-top:8px}.elementor-widget-text-editor:not(.elementor-drop-cap-view-default) .elementor-drop-cap-letter{width:1em;height:1em}.elementor-widget-text-editor .elementor-drop-cap{float:left;text-align:center;line-height:1;font-size:50px}.elementor-widget-text-editor .elementor-drop-cap-letter{display:inline-block}<\/style>\t\t\t\t<div class=\"et_pb_module et_pb_text et_pb_text_0 et_pb_text_align_left et_pb_bg_layout_light\"><div class=\"et_pb_text_inner\"><p data-start=\"2169\" data-end=\"2523\"><strong data-start=\"2169\" data-end=\"2194\">1. Derecho a Retracto<\/strong><br data-start=\"2194\" data-end=\"2197\" \/>De acuerdo a la Ley N\u00b019.496 sobre Protecci\u00f3n al Consumidor, el cliente puede poner t\u00e9rmino unilateralmente al contrato celebrado a distancia dentro de los 10 d\u00edas contados desde la recepci\u00f3n del producto, siempre que este no se haya abierto ni utilizado, se encuentre con su embalaje original, sellado y en perfecto estado.<\/p><p data-start=\"2525\" data-end=\"2751\"><strong data-start=\"2525\" data-end=\"2567\">2. Productos de uso m\u00e9dico y sanitario<\/strong><br data-start=\"2567\" data-end=\"2570\" \/>Por razones de higiene y seguridad, no se aceptar\u00e1n devoluciones de productos m\u00e9dicos o de ortopedia que hayan sido abiertos o probados, salvo que presenten fallas de fabricaci\u00f3n.<\/p><p data-start=\"2753\" data-end=\"3029\"><strong data-start=\"2753\" data-end=\"2774\">3. Garant\u00eda Legal<\/strong><br data-start=\"2774\" data-end=\"2777\" \/>Si el producto adquirido presenta fallas de fabricaci\u00f3n, el cliente podr\u00e1 solicitar la reparaci\u00f3n gratuita, cambio del producto o la devoluci\u00f3n de lo pagado dentro de los 6 meses posteriores a la compra, conforme a la Ley de Protecci\u00f3n al Consumidor.<\/p><p data-start=\"3031\" data-end=\"3297\"><strong data-start=\"3031\" data-end=\"3074\">4. Procedimiento de Cambio o Devoluci\u00f3n<\/strong><br data-start=\"3074\" data-end=\"3077\" \/>Para gestionar cualquier cambio o devoluci\u00f3n, el cliente debe comunicarse previamente a nuestro servicio de atenci\u00f3n al cliente, indicando n\u00famero de pedido, motivo de la devoluci\u00f3n y fotograf\u00edas del producto si aplica.<\/p><p data-start=\"3299\" data-end=\"3483\"><strong data-start=\"3299\" data-end=\"3316\">5. Reembolsos<\/strong><br data-start=\"3316\" data-end=\"3319\" \/>En caso de devoluci\u00f3n autorizada, el reembolso se realizar\u00e1 en un plazo m\u00e1ximo de 10 d\u00edas h\u00e1biles, utilizando el mismo medio de pago con que se efectu\u00f3 la compra.<\/p><\/div><\/div>\t\t\t\t\t\t<\/div>\n\t\t\t\t<\/div>\n\t\t\t\t<\/div>\n\t\t<div class=\"elementor-element elementor-element-074cb38 e-con-full e-flex e-con e-child\" data-id=\"074cb38\" data-element_type=\"container\" data-settings=\"{&quot;content_width&quot;:&quot;full&quot;}\">\n\t\t\t\t<div class=\"elementor-element elementor-element-847e4a0 elementor-icon-list--layout-traditional elementor-list-item-link-full_width elementor-widget elementor-widget-icon-list\" data-id=\"847e4a0\" data-element_type=\"widget\" data-widget_type=\"icon-list.default\">\n\t\t\t\t<div class=\"elementor-widget-container\">\n\t\t\t<link rel=\"stylesheet\" href=\"https:\/\/insumosmedicosoal.cl\/wp-content\/plugins\/elementor\/assets\/css\/widget-icon-list.min.css\">\t\t<ul class=\"elementor-icon-list-items\">\n\t\t\t\t\t\t\t<li class=\"elementor-icon-list-item\">\n\t\t\t\t\t\t\t\t\t\t\t<a href=\"https:\/\/insumosmedicosoal.cl\/?page_id=14167\">\n\n\t\t\t\t\t\t\t\t\t\t\t\t<span class=\"elementor-icon-list-icon\">\n\t\t\t\t\t\t\t<i aria-hidden=\"true\" class=\"far fa-lightbulb\"><\/i>\t\t\t\t\t\t<\/span>\n\t\t\t\t\t\t\t\t\t\t<span class=\"elementor-icon-list-text\">POLITICA DE COMPRA<\/span>\n\t\t\t\t\t\t\t\t\t\t\t<\/a>\n\t\t\t\t\t\t\t\t\t<\/li>\n\t\t\t\t\t\t\t\t<li class=\"elementor-icon-list-item\">\n\t\t\t\t\t\t\t\t\t\t\t<a href=\"https:\/\/insumosmedicosoal.cl\/?page_id=14757\">\n\n\t\t\t\t\t\t\t\t\t\t\t\t<span class=\"elementor-icon-list-icon\">\n\t\t\t\t\t\t\t<i aria-hidden=\"true\" class=\"fas fa-suitcase\"><\/i>\t\t\t\t\t\t<\/span>\n\t\t\t\t\t\t\t\t\t\t<span class=\"elementor-icon-list-text\">POLITICA DE ENVIO<\/span>\n\t\t\t\t\t\t\t\t\t\t\t<\/a>\n\t\t\t\t\t\t\t\t\t<\/li>\n\t\t\t\t\t\t\t\t<li class=\"elementor-icon-list-item\">\n\t\t\t\t\t\t\t\t\t\t\t<a href=\"https:\/\/insumosmedicosoal.cl\/?page_id=14762\">\n\n\t\t\t\t\t\t\t\t\t\t\t\t<span class=\"elementor-icon-list-icon\">\n\t\t\t\t\t\t\t<i aria-hidden=\"true\" class=\"fas fa-wrench\"><\/i>\t\t\t\t\t\t<\/span>\n\t\t\t\t\t\t\t\t\t\t<span class=\"elementor-icon-list-text\">POLITICA DE CAMBIOS<\/span>\n\t\t\t\t\t\t\t\t\t\t\t<\/a>\n\t\t\t\t\t\t\t\t\t<\/li>\n\t\t\t\t\t\t\t\t<li class=\"elementor-icon-list-item\">\n\t\t\t\t\t\t\t\t\t\t\t<a href=\"https:\/\/api.whatsapp.com\/send?phone=56920762645&#038;text=Hola%20Insumos%20Medicos,%20escribo%20porque%20me%20gustar\u00eda%20consultar%20sobre:\" target=\"_blank\">\n\n\t\t\t\t\t\t\t\t\t\t\t\t<span class=\"elementor-icon-list-icon\">\n\t\t\t\t\t\t\t<i aria-hidden=\"true\" class=\"fab fa-whatsapp\"><\/i>\t\t\t\t\t\t<\/span>\n\t\t\t\t\t\t\t\t\t\t<span class=\"elementor-icon-list-text\">Whatsapp: +56 9 2076 2645<\/span>\n\t\t\t\t\t\t\t\t\t\t\t<\/a>\n\t\t\t\t\t\t\t\t\t<\/li>\n\t\t\t\t\t\t\t\t<li class=\"elementor-icon-list-item\">\n\t\t\t\t\t\t\t\t\t\t\t<span class=\"elementor-icon-list-icon\">\n\t\t\t\t\t\t\t<i aria-hidden=\"true\" class=\"fas fa-phone-volume\"><\/i>\t\t\t\t\t\t<\/span>\n\t\t\t\t\t\t\t\t\t\t<span class=\"elementor-icon-list-text\">Horario Oficina: Lunes a Viernes 10:00am a 18:00Hrs<\/span>\n\t\t\t\t\t\t\t\t\t<\/li>\n\t\t\t\t\t\t<\/ul>\n\t\t\t\t<\/div>\n\t\t\t\t<\/div>\n\t\t\t\t<div class=\"elementor-element elementor-element-2c83984 elementor-align-center elementor-widget elementor-widget-button\" data-id=\"2c83984\" data-element_type=\"widget\" data-widget_type=\"button.default\">\n\t\t\t\t<div class=\"elementor-widget-container\">\n\t\t\t\t\t<div class=\"elementor-button-wrapper\">\n\t\t\t<a class=\"elementor-button elementor-button-link elementor-size-sm elementor-animation-shrink\" href=\"https:\/\/maps.app.goo.gl\/2sc4VvULyrUSawDW9\" target=\"_blank\">\n\t\t\t\t\t\t<span class=\"elementor-button-content-wrapper\">\n\t\t\t\t\t\t<span class=\"elementor-button-text\">COMO LLEGAR <BR> GOOGLE MAPS<\/span>\n\t\t<\/span>\n\t\t\t\t\t<\/a>\n\t\t<\/div>\n\t\t\t\t<\/div>\n\t\t\t\t<\/div>\n\t\t\t\t<div class=\"elementor-element elementor-element-73af637 elementor-align-center elementor-widget elementor-widget-button\" data-id=\"73af637\" data-element_type=\"widget\" data-widget_type=\"button.default\">\n\t\t\t\t<div class=\"elementor-widget-container\">\n\t\t\t\t\t<div class=\"elementor-button-wrapper\">\n\t\t\t<a class=\"elementor-button elementor-button-link elementor-size-sm elementor-animation-pulse\" href=\"https:\/\/api.whatsapp.com\/send?phone=56920762645&#038;text=Hola%20Distribuidora%20Soal%20escribo%20porque%20me%20gustar\u00eda%20consultar%20sobre:\" target=\"_blank\">\n\t\t\t\t\t\t<span class=\"elementor-button-content-wrapper\">\n\t\t\t\t\t\t<span class=\"elementor-button-text\">CONTACTAR WHATSAPP<\/span>\n\t\t<\/span>\n\t\t\t\t\t<\/a>\n\t\t<\/div>\n\t\t\t\t<\/div>\n\t\t\t\t<\/div>\n\t\t\t\t<div class=\"elementor-element elementor-element-76bad22 elementor-widget elementor-widget-html\" data-id=\"76bad22\" data-element_type=\"widget\" data-widget_type=\"html.default\">\n\t\t\t\t<div class=\"elementor-widget-container\">\n\t\t\t<iframe src=\"https:\/\/www.google.com\/maps\/embed?pb=!1m18!1m12!1m3!1d3329.1950774546754!2d-70.72751032357641!3d-33.444223797194574!2m3!1f0!2f0!3f0!3m2!1i1024!2i768!4f13.1!3m3!1m2!1s0x9662c55e55179883%3A0x5ded748f4a7070b9!2sDistribuidora%20SOAL%20-%20Insumos%20m%C3%A9dicos!5e0!3m2!1ses!2ses!4v1750173500911!5m2!1ses!2ses\" width=\"600\" height=\"450\" style=\"border:0;\" allowfullscreen=\"\" loading=\"lazy\" referrerpolicy=\"no-referrer-when-downgrade\"><\/iframe>\t\t<\/div>\n\t\t\t\t<\/div>\n\t\t\t\t<\/div>\n\t\t\t\t\t<\/div>\n\t\t\t\t<\/div>\n\t\t\t\t\t\t\t<\/div>\n\t\t","protected":false},"excerpt":{"rendered":"<p>Pol\u00edtica de Cambios y Devoluciones 1. Derecho a RetractoDe acuerdo a la Ley N\u00b019.496 sobre Protecci\u00f3n al Consumidor, el cliente puede poner t\u00e9rmino unilateralmente al contrato celebrado a distancia dentro de los 10 d\u00edas contados desde la recepci\u00f3n del producto, siempre que este no se haya abierto ni utilizado, se encuentre con su embalaje original, &hellip; <br \/><a href=\"https:\/\/insumosmedicosoal.cl\/?page_id=14762\" class=\"more-link\">Continue reading <span class=\"screen-reader-text\">Pol\u00edtica de Cambios<\/span><\/a><\/p>\n","protected":false},"author":1,"featured_media":0,"parent":0,"menu_order":0,"comment_status":"closed","ping_status":"closed","template":"","meta":{"footnotes":""},"_links":{"self":[{"href":"https:\/\/insumosmedicosoal.cl\/index.php?rest_route=\/wp\/v2\/pages\/14762"}],"collection":[{"href":"https:\/\/insumosmedicosoal.cl\/index.php?rest_route=\/wp\/v2\/pages"}],"about":[{"href":"https:\/\/insumosmedicosoal.cl\/index.php?rest_route=\/wp\/v2\/types\/page"}],"author":[{"embeddable":true,"href":"https:\/\/insumosmedicosoal.cl\/index.php?rest_route=\/wp\/v2\/users\/1"}],"replies":[{"embeddable":true,"href":"https:\/\/insumosmedicosoal.cl\/index.php?rest_route=%2Fwp%2Fv2%2Fcomments&post=14762"}],"version-history":[{"count":7,"href":"https:\/\/insumosmedicosoal.cl\/index.php?rest_route=\/wp\/v2\/pages\/14762\/revisions"}],"predecessor-version":[{"id":14776,"href":"https:\/\/insumosmedicosoal.cl\/index.php?rest_route=\/wp\/v2\/pages\/14762\/revisions\/14776"}],"wp:attachment":[{"href":"https:\/\/insumosmedicosoal.cl\/index.php?rest_route=%2Fwp%2Fv2%2Fmedia&parent=14762"}],"curies":[{"name":"wp","href":"https:\/\/api.w.org\/{rel}","templated":true}]}}