{"id":14560,"date":"2025-06-19T12:33:21","date_gmt":"2025-06-19T16:33:21","guid":{"rendered":"https:\/\/insumosmedicosoal.cl\/?post_type=product&#038;p=14560"},"modified":"2026-04-22T16:43:10","modified_gmt":"2026-04-22T20:43:10","slug":"alcohol-70-bidon-5-litros","status":"publish","type":"product","link":"https:\/\/insumosmedicosoal.cl\/?product=alcohol-70-bidon-5-litros","title":{"rendered":"ALCOHOL LIQUIDO 70% BIDON 5 LT"},"content":{"rendered":"<h4>DESCRIPCI\u00d3N<\/h4>\n<div id=\"product-features\" class=\"et_pb_section_2\">\n<div class=\"et_pb_row\">\n<div class=\"et_pb_column et_pb_column_4_4\">\n<div id=\"product-features-list\" class=\"list-gray et_pb_module et_pb_text et_pb_text_5 et_pb_bg_layout_light et_pb_text_align_left\">\n<div class=\"et_pb_text_inner\">\n<div class=\"et_pb_toggle_content clearfix\">\n<div class=\"et_pb_toggle_content clearfix\">\n<div class=\"et_pb_toggle_content clearfix\">\n<div class=\"et_pb_toggle_content clearfix\">\n<div class=\"et_pb_toggle_content clearfix\">\n<div class=\"et_pb_toggle_content clearfix\">\n<div class=\"et_pb_toggle_content clearfix\">\n<div class=\"et_pb_toggle_content clearfix\">\n<div class=\"et_pb_toggle_content clearfix\">\n<p><span class=\"_aupe copyable-text xkrh14z\">El alcohol l\u00edquido al 70% (alcohol et\u00edlico desnaturalizado) es el antis\u00e9ptico y desinfectante m\u00e1s recomendado debido a su equilibrio \u00f3ptimo entre alcohol y agua. A diferencia del alcohol de 96\u00b0, el de 70\u00b0 penetra mejor en las paredes celulares de los microorganismos, permitiendo una eliminaci\u00f3n m\u00e1s efectiva de bacterias, virus (incluyendo el SARS-CoV-2) y hongos.<\/span><\/p>\n<div class=\"otQkpb\" role=\"heading\" aria-level=\"3\" data-animation-nesting=\"\" data-sfc-cp=\"\" data-sfc-root=\"c\" data-sfc-cb=\"\" data-complete=\"true\" data-processed=\"true\" data-sae=\"\">\n<h4>USOS PRINCIPALES<\/h4>\n<\/div>\n<ul class=\"KsbFXc U6u95\" data-sfc-root=\"c\" data-sfc-cb=\"\" data-complete=\"true\" data-processed=\"true\">\n<li class=\"Z1qcYe\" data-sfc-cp=\"\" data-sfc-root=\"c\" data-sfc-cb=\"\" data-hveid=\"CAYQAA\" data-complete=\"true\" data-sae=\"\"><span class=\"T286Pc\" data-sfc-cp=\"\" data-sfc-root=\"c\" data-sfc-cb=\"\" data-complete=\"true\"><strong class=\"Yjhzub\" data-sfc-root=\"c\" data-sfc-cb=\"\" data-complete=\"true\">Antis\u00e9ptico T\u00f3pico<\/strong>: Ideal para la desinfecci\u00f3n de la piel sana antes de inyecciones o procedimientos menores.<\/span><\/li>\n<li class=\"Z1qcYe\" data-sfc-cp=\"\" data-sfc-root=\"c\" data-sfc-cb=\"\" data-hveid=\"CAYQAQ\" data-complete=\"true\" data-sae=\"\"><span class=\"T286Pc\" data-sfc-cp=\"\" data-sfc-root=\"c\" data-sfc-cb=\"\" data-complete=\"true\"><strong class=\"Yjhzub\" data-sfc-root=\"c\" data-sfc-cb=\"\" data-complete=\"true\">Desinfectante de Superficies<\/strong>: Se utiliza en mesones, azulejos, pisos y muebles. Al ser de r\u00e1pida evaporaci\u00f3n, no requiere enjuague.<\/span><\/li>\n<li class=\"Z1qcYe\" data-sfc-cp=\"\" data-sfc-root=\"c\" data-sfc-cb=\"\" data-hveid=\"CAYQAg\" data-complete=\"true\" data-sae=\"\"><span class=\"T286Pc\" data-sfc-cp=\"\" data-sfc-root=\"c\" data-sfc-cb=\"\" data-complete=\"true\"><strong class=\"Yjhzub\" data-sfc-root=\"c\" data-sfc-cb=\"\" data-complete=\"true\">Limpieza T\u00e9cnica<\/strong>: Efectivo para eliminar grasa, manchas de tinta y restos de pegamento en diversos objetos.<\/span><\/li>\n<li class=\"Z1qcYe\" data-sfc-cp=\"\" data-sfc-root=\"c\" data-sfc-cb=\"\" data-hveid=\"CAYQAw\" data-complete=\"true\" data-sae=\"\"><span class=\"T286Pc\" data-sfc-cp=\"\" data-sfc-root=\"c\" data-sfc-cb=\"\" data-complete=\"true\" aria-owns=\"action-menu-parent-container\"><strong class=\"Yjhzub\" data-sfc-root=\"c\" data-sfc-cb=\"\" data-complete=\"true\">Higiene de Manos<\/strong>: Utilizado frecuentemente cuando no hay acceso a agua y jab\u00f3n, ayudando a prevenir la diseminaci\u00f3n de infecciones.<\/span><\/li>\n<\/ul>\n<\/div>\n<\/div>\n<\/div>\n<\/div>\n<\/div>\n<\/div>\n<\/div>\n<\/div>\n<\/div>\n<\/div>\n<\/div>\n<\/div>\n<\/div>\n<\/div>\n<div id=\"product-color-price\">\n<div class=\"product-colors\">\n<div><\/div>\n<\/div>\n<\/div>\n","protected":false},"excerpt":{"rendered":"<h3>ALCOHOL LIQUIDO 70% BIDON 5 LT<\/h3>\n<div id=\"ref-ean\">\n<div class=\"ref\">CODIGO. 10101010<\/div>\n<\/div>\n","protected":false},"featured_media":15241,"comment_status":"open","ping_status":"closed","template":"","meta":[],"product_cat":[15,196],"product_tag":[140,127],"class_list":{"0":"post-14560","1":"product","2":"type-product","3":"status-publish","4":"has-post-thumbnail","6":"product_cat-uncategorized","7":"product_cat-antisepticos","8":"product_tag-agua-y-alcohol","9":"product_tag-multimarcas","11":"first","12":"instock","13":"featured","14":"shipping-taxable","15":"purchasable","16":"product-type-simple"},"_links":{"self":[{"href":"https:\/\/insumosmedicosoal.cl\/index.php?rest_route=\/wp\/v2\/product\/14560","targetHints":{"allow":["GET"]}}],"collection":[{"href":"https:\/\/insumosmedicosoal.cl\/index.php?rest_route=\/wp\/v2\/product"}],"about":[{"href":"https:\/\/insumosmedicosoal.cl\/index.php?rest_route=\/wp\/v2\/types\/product"}],"replies":[{"embeddable":true,"href":"https:\/\/insumosmedicosoal.cl\/index.php?rest_route=%2Fwp%2Fv2%2Fcomments&post=14560"}],"version-history":[{"count":3,"href":"https:\/\/insumosmedicosoal.cl\/index.php?rest_route=\/wp\/v2\/product\/14560\/revisions"}],"predecessor-version":[{"id":15240,"href":"https:\/\/insumosmedicosoal.cl\/index.php?rest_route=\/wp\/v2\/product\/14560\/revisions\/15240"}],"wp:featuredmedia":[{"embeddable":true,"href":"https:\/\/insumosmedicosoal.cl\/index.php?rest_route=\/wp\/v2\/media\/15241"}],"wp:attachment":[{"href":"https:\/\/insumosmedicosoal.cl\/index.php?rest_route=%2Fwp%2Fv2%2Fmedia&parent=14560"}],"wp:term":[{"taxonomy":"product_cat","embeddable":true,"href":"https:\/\/insumosmedicosoal.cl\/index.php?rest_route=%2Fwp%2Fv2%2Fproduct_cat&post=14560"},{"taxonomy":"product_tag","embeddable":true,"href":"https:\/\/insumosmedicosoal.cl\/index.php?rest_route=%2Fwp%2Fv2%2Fproduct_tag&post=14560"}],"curies":[{"name":"wp","href":"https:\/\/api.w.org\/{rel}","templated":true}]}}