{"id":14605,"date":"2025-06-20T06:21:44","date_gmt":"2025-06-20T10:21:44","guid":{"rendered":"https:\/\/insumosmedicosoal.cl\/?post_type=product&#038;p=14605"},"modified":"2026-03-06T21:32:00","modified_gmt":"2026-03-07T00:32:00","slug":"aposito-carbon-plata-7-5x10cm","status":"publish","type":"product","link":"https:\/\/insumosmedicosoal.cl\/?product=aposito-carbon-plata-7-5x10cm","title":{"rendered":"AP\u00d3SITO CARBON + PLATA 7.5X10CM &#8211; UNIDAD"},"content":{"rendered":"<h3>AP\u00d3SITO CARBON + PLATA 7.5 X 10CM<\/h3>\n<div id=\"ref-ean\">\n<p data-start=\"189\" data-end=\"452\">Es un ap\u00f3sito que combina carb\u00f3n activado y plata para tratar heridas con riesgo de infecci\u00f3n. El carb\u00f3n ayuda a absorber bacterias y olores, mientras la plata act\u00faa como antimicrobiano que destruye microorganismos.<\/p>\n<p data-start=\"189\" data-end=\"452\">\u00bfCOMO FUNCIONA?<\/p>\n<p data-start=\"471\" data-end=\"511\">Tiene un triple efecto en la herida:<\/p>\n<ol data-start=\"513\" data-end=\"861\">\n<li data-section-id=\"188yixq\" data-start=\"513\" data-end=\"616\">\n<p data-start=\"516\" data-end=\"537\"><strong data-start=\"516\" data-end=\"535\">Carb\u00f3n activado<\/strong><\/p>\n<ul data-start=\"541\" data-end=\"616\">\n<li data-section-id=\"xtb95y\" data-start=\"541\" data-end=\"572\">\n<p data-start=\"543\" data-end=\"572\">Atrapa bacterias y toxinas.<\/p>\n<\/li>\n<li data-section-id=\"ee398u\" data-start=\"576\" data-end=\"616\">\n<p data-start=\"578\" data-end=\"616\">Reduce el mal olor de la herida.<\/p>\n<\/li>\n<\/ul>\n<\/li>\n<li data-section-id=\"10831k7\" data-start=\"618\" data-end=\"691\">\n<p data-start=\"621\" data-end=\"632\"><strong data-start=\"621\" data-end=\"630\">Plata<\/strong><\/p>\n<ul data-start=\"636\" data-end=\"691\">\n<li data-section-id=\"1tatapl\" data-start=\"636\" data-end=\"691\">\n<p data-start=\"638\" data-end=\"691\">Mata bacterias y ayuda a controlar infecciones.<\/p>\n<\/li>\n<\/ul>\n<\/li>\n<li data-section-id=\"19hnl1t\" data-start=\"693\" data-end=\"861\">\n<p data-start=\"696\" data-end=\"723\"><strong data-start=\"696\" data-end=\"721\">Absorci\u00f3n del exudado<\/strong><\/p>\n<ul data-start=\"727\" data-end=\"861\">\n<li data-section-id=\"18g46gn\" data-start=\"727\" data-end=\"861\">\n<p data-start=\"729\" data-end=\"861\">Absorbe el l\u00edquido de la herida y mantiene un ambiente h\u00famedo que favorece la cicatrizaci\u00f3n.<\/p>\n<\/li>\n<\/ul>\n<\/li>\n<\/ol>\n<p data-start=\"890\" data-end=\"957\"><strong>Se utiliza mucho en heridas cr\u00f3nicas o infectadas tales como:<\/strong><\/p>\n<ul data-start=\"959\" data-end=\"1165\">\n<li data-section-id=\"1aiv928\" data-start=\"959\" data-end=\"992\">\n<p data-start=\"961\" data-end=\"992\">\u00dalceras por presi\u00f3n (escaras)<\/p>\n<\/li>\n<li data-section-id=\"51lqyq\" data-start=\"993\" data-end=\"1010\">\n<p data-start=\"995\" data-end=\"1010\">Pie diab\u00e9tico<\/p>\n<\/li>\n<li data-section-id=\"c4rpmz\" data-start=\"1011\" data-end=\"1030\">\n<p data-start=\"1013\" data-end=\"1030\">\u00dalceras venosas<\/p>\n<\/li>\n<li data-section-id=\"15ilfus\" data-start=\"1031\" data-end=\"1065\">\n<p data-start=\"1033\" data-end=\"1065\">Heridas quir\u00fargicas infectadas<\/p>\n<\/li>\n<li data-section-id=\"begz78\" data-start=\"1066\" data-end=\"1080\">\n<p data-start=\"1068\" data-end=\"1080\">Quemaduras<\/p>\n<\/li>\n<li data-section-id=\"1w3k38h\" data-start=\"1081\" data-end=\"1165\">\n<p data-start=\"1083\" data-end=\"1165\">Heridas con mal olor o mucha secreci\u00f3n<\/p>\n<\/li>\n<\/ul>\n<\/div>\n<div id=\"product-color-price\">\n<div class=\"product-colors\">\n<div><\/div>\n<\/div>\n<\/div>\n","protected":false},"excerpt":{"rendered":"<h3>AP\u00d3SITO CARBON + PLATA 7.5X10CM<\/h3>\n<div id=\"product-features\" class=\"et_pb_section_2\">\n<div class=\"et_pb_row\">\n<div class=\"et_pb_column et_pb_column_4_4\">\n<div id=\"product-features-list\" class=\"list-gray et_pb_module et_pb_text et_pb_text_5 et_pb_bg_layout_light et_pb_text_align_left\">\n<div class=\"et_pb_text_inner\">\n<div class=\"et_pb_toggle_content clearfix\">\n<div class=\"et_pb_toggle_content clearfix\">\n<div class=\"et_pb_toggle_content clearfix\">\n<div class=\"et_pb_toggle_content clearfix\">\n<div class=\"et_pb_toggle_content clearfix\">\n<div class=\"et_pb_toggle_content clearfix\">\n<div class=\"et_pb_toggle_content clearfix\">\n<div class=\"et_pb_toggle_content clearfix\">\n<div class=\"et_pb_toggle_content clearfix\">\n<p>MARCA: PHARMAPLAST<\/p>\n<\/div>\n<\/div>\n<\/div>\n<\/div>\n<\/div>\n<\/div>\n<\/div>\n<\/div>\n<\/div>\n<\/div>\n<\/div>\n<\/div>\n<\/div>\n<\/div>\n<div id=\"ref-ean\">\n<div class=\"ref\"><\/div>\n<\/div>\n","protected":false},"featured_media":15191,"comment_status":"open","ping_status":"closed","template":"","meta":[],"product_cat":[15],"product_tag":[135],"class_list":{"0":"post-14605","1":"product","2":"type-product","3":"status-publish","4":"has-post-thumbnail","6":"product_cat-uncategorized","7":"product_tag-pharmaplast","9":"first","10":"instock","11":"sale","12":"featured","13":"shipping-taxable","14":"purchasable","15":"product-type-simple"},"_links":{"self":[{"href":"https:\/\/insumosmedicosoal.cl\/index.php?rest_route=\/wp\/v2\/product\/14605","targetHints":{"allow":["GET"]}}],"collection":[{"href":"https:\/\/insumosmedicosoal.cl\/index.php?rest_route=\/wp\/v2\/product"}],"about":[{"href":"https:\/\/insumosmedicosoal.cl\/index.php?rest_route=\/wp\/v2\/types\/product"}],"replies":[{"embeddable":true,"href":"https:\/\/insumosmedicosoal.cl\/index.php?rest_route=%2Fwp%2Fv2%2Fcomments&post=14605"}],"version-history":[{"count":3,"href":"https:\/\/insumosmedicosoal.cl\/index.php?rest_route=\/wp\/v2\/product\/14605\/revisions"}],"predecessor-version":[{"id":15192,"href":"https:\/\/insumosmedicosoal.cl\/index.php?rest_route=\/wp\/v2\/product\/14605\/revisions\/15192"}],"wp:featuredmedia":[{"embeddable":true,"href":"https:\/\/insumosmedicosoal.cl\/index.php?rest_route=\/wp\/v2\/media\/15191"}],"wp:attachment":[{"href":"https:\/\/insumosmedicosoal.cl\/index.php?rest_route=%2Fwp%2Fv2%2Fmedia&parent=14605"}],"wp:term":[{"taxonomy":"product_cat","embeddable":true,"href":"https:\/\/insumosmedicosoal.cl\/index.php?rest_route=%2Fwp%2Fv2%2Fproduct_cat&post=14605"},{"taxonomy":"product_tag","embeddable":true,"href":"https:\/\/insumosmedicosoal.cl\/index.php?rest_route=%2Fwp%2Fv2%2Fproduct_tag&post=14605"}],"curies":[{"name":"wp","href":"https:\/\/api.w.org\/{rel}","templated":true}]}}