{"id":15220,"date":"2026-04-15T17:40:04","date_gmt":"2026-04-15T21:40:04","guid":{"rendered":"https:\/\/insumosmedicosoal.cl\/?post_type=product&#038;p=15220"},"modified":"2026-04-15T17:40:04","modified_gmt":"2026-04-15T21:40:04","slug":"silla-de-ruedas-geriatrica-con-doble-freno-de-manos","status":"publish","type":"product","link":"https:\/\/insumosmedicosoal.cl\/?product=silla-de-ruedas-geriatrica-con-doble-freno-de-manos","title":{"rendered":"SILLA DE RUEDAS GERI\u00c1TRICA CON DOBLE FRENO DE MANOS"},"content":{"rendered":"<p><strong>DESCRIPCI\u00d3N<\/strong><\/p>\n<p>Esta silla de ruedas es <span class=\"a-list-item\">plegable ligera para adultos facilitan la movilidad independiente a trav\u00e9s de caracter\u00edsticas especializadas como un bolsillo de transporte y bastones traseros plegables para transporte y almacenamiento.<\/span><\/p>\n<p><span class=\"a-list-item\"><strong>Dise\u00f1o duradero:<\/strong> Hecha de un marco de acero al carbono, esta silla de ruedas con ruedas soporta hasta 220 libras y es ideal para uso regular; el asiento acolchado f\u00e1cil de limpiar est\u00e1 dise\u00f1ado para proporcionar comodidad duradera.<\/span><\/p>\n<p><span class=\"a-list-item\"><strong>F\u00e1cil de empujar:<\/strong> La silla de ruedas con ruedas cuenta con ruedas traseras s\u00f3lidas de 16 pulgadas para que empujar sea muy f\u00e1cil.<\/span><\/p>\n<p><span class=\"a-list-item\"><strong>Seguridad:<\/strong> Frenos traseros y de mano para no solo hacer que los ciclistas sean m\u00e1s seguros, sino tambi\u00e9n para facilitar el trabajo del asistente.<\/span><\/p>\n<p><strong>CARACTERISTICAS PRINCIPALES:<\/strong><\/p>\n<ul>\n<li>Plegable con bastones traseros abatibles.<\/li>\n<li>Capacidad: 220 lb (100 kg aprox.).<\/li>\n<li>Asiento acolchado y f\u00e1cil de limpiar.<\/li>\n<li>Ruedas traseras s\u00f3lidas de 16&#8243; para empuje<br \/>\nsuave.<\/li>\n<li>Frenos traseros y de mano para mayor seguridad.<\/li>\n<\/ul>\n","protected":false},"excerpt":{"rendered":"<p><strong>SILLA DE RUEDAS GERI\u00c1TRICA CON DOBLE FRENO DE MANOS<\/strong><\/p>\n<p><strong>CODIGO:<\/strong> 10301717<br \/>\n<strong>COLOR:<\/strong> Negro<\/p>\n","protected":false},"featured_media":15221,"comment_status":"open","ping_status":"closed","template":"","meta":[],"product_cat":[15],"product_tag":[],"class_list":{"0":"post-15220","1":"product","2":"type-product","3":"status-publish","4":"has-post-thumbnail","6":"product_cat-uncategorized","8":"first","9":"instock","10":"sale","11":"shipping-taxable","12":"purchasable","13":"product-type-simple"},"_links":{"self":[{"href":"https:\/\/insumosmedicosoal.cl\/index.php?rest_route=\/wp\/v2\/product\/15220","targetHints":{"allow":["GET"]}}],"collection":[{"href":"https:\/\/insumosmedicosoal.cl\/index.php?rest_route=\/wp\/v2\/product"}],"about":[{"href":"https:\/\/insumosmedicosoal.cl\/index.php?rest_route=\/wp\/v2\/types\/product"}],"replies":[{"embeddable":true,"href":"https:\/\/insumosmedicosoal.cl\/index.php?rest_route=%2Fwp%2Fv2%2Fcomments&post=15220"}],"version-history":[{"count":1,"href":"https:\/\/insumosmedicosoal.cl\/index.php?rest_route=\/wp\/v2\/product\/15220\/revisions"}],"predecessor-version":[{"id":15222,"href":"https:\/\/insumosmedicosoal.cl\/index.php?rest_route=\/wp\/v2\/product\/15220\/revisions\/15222"}],"wp:featuredmedia":[{"embeddable":true,"href":"https:\/\/insumosmedicosoal.cl\/index.php?rest_route=\/wp\/v2\/media\/15221"}],"wp:attachment":[{"href":"https:\/\/insumosmedicosoal.cl\/index.php?rest_route=%2Fwp%2Fv2%2Fmedia&parent=15220"}],"wp:term":[{"taxonomy":"product_cat","embeddable":true,"href":"https:\/\/insumosmedicosoal.cl\/index.php?rest_route=%2Fwp%2Fv2%2Fproduct_cat&post=15220"},{"taxonomy":"product_tag","embeddable":true,"href":"https:\/\/insumosmedicosoal.cl\/index.php?rest_route=%2Fwp%2Fv2%2Fproduct_tag&post=15220"}],"curies":[{"name":"wp","href":"https:\/\/api.w.org\/{rel}","templated":true}]}}