{"id":15223,"date":"2026-04-15T18:05:58","date_gmt":"2026-04-15T22:05:58","guid":{"rendered":"https:\/\/insumosmedicosoal.cl\/?post_type=product&#038;p=15223"},"modified":"2026-04-15T18:05:58","modified_gmt":"2026-04-15T22:05:58","slug":"bano-portatil-wc-plegable-con-reposa-brazos","status":"publish","type":"product","link":"https:\/\/insumosmedicosoal.cl\/?product=bano-portatil-wc-plegable-con-reposa-brazos","title":{"rendered":"BA\u00d1O PORTATIL WC PLEGABLE CON REPOSA BRAZOS"},"content":{"rendered":"<p><strong>DESCRIPCI\u00d3N:<\/strong><\/p>\n<p><strong>BA\u00d1O PORTATIL WC PLEGABLE CON REPOSABRAZOS<\/strong><br \/>\nEste ba\u00f1o port\u00e1til ofrece comodidad y seguridad, con asiento de inodoro para ba\u00f1o con asas y rieles de seguridad. Los apoya brazos del inodoro brindan comodidad adicional para pacientes, adultos mayores, personas con movilidad reducida o post operados.<\/p>\n<p><strong>CARACTERISTICAS PRINCIPALES:<\/strong><\/p>\n<p><strong>Usos:<\/strong> ba\u00f1o port\u00e1til, alzaba\u00f1o, silla de ducha<\/p>\n<ul>\n<li>Ba\u00f1o plegable de acero tubular con terminaci\u00f3n cromado<\/li>\n<li>Apoya brazos, asiento tapa y recipiente de pl\u00e1stico alta densidad<\/li>\n<li>Regatones de goma de alta adherencia<\/li>\n<li>Regulable en altura<\/li>\n<li>Armado y desarme f\u00e1cil<\/li>\n<li>Resistencia 130 kg<\/li>\n<\/ul>\n","protected":false},"excerpt":{"rendered":"<p><strong>BA\u00d1O PORTATIL WC PLEGABLE CON REPOSABRAZOS<\/strong><\/p>\n<p><strong>CODIGO:<\/strong> 10301711<br \/>\n<strong>COLOR:<\/strong> Blanco<\/p>\n","protected":false},"featured_media":15224,"comment_status":"open","ping_status":"closed","template":"","meta":[],"product_cat":[15],"product_tag":[],"class_list":{"0":"post-15223","1":"product","2":"type-product","3":"status-publish","4":"has-post-thumbnail","6":"product_cat-uncategorized","8":"first","9":"instock","10":"sale","11":"shipping-taxable","12":"purchasable","13":"product-type-simple"},"_links":{"self":[{"href":"https:\/\/insumosmedicosoal.cl\/index.php?rest_route=\/wp\/v2\/product\/15223","targetHints":{"allow":["GET"]}}],"collection":[{"href":"https:\/\/insumosmedicosoal.cl\/index.php?rest_route=\/wp\/v2\/product"}],"about":[{"href":"https:\/\/insumosmedicosoal.cl\/index.php?rest_route=\/wp\/v2\/types\/product"}],"replies":[{"embeddable":true,"href":"https:\/\/insumosmedicosoal.cl\/index.php?rest_route=%2Fwp%2Fv2%2Fcomments&post=15223"}],"version-history":[{"count":1,"href":"https:\/\/insumosmedicosoal.cl\/index.php?rest_route=\/wp\/v2\/product\/15223\/revisions"}],"predecessor-version":[{"id":15225,"href":"https:\/\/insumosmedicosoal.cl\/index.php?rest_route=\/wp\/v2\/product\/15223\/revisions\/15225"}],"wp:featuredmedia":[{"embeddable":true,"href":"https:\/\/insumosmedicosoal.cl\/index.php?rest_route=\/wp\/v2\/media\/15224"}],"wp:attachment":[{"href":"https:\/\/insumosmedicosoal.cl\/index.php?rest_route=%2Fwp%2Fv2%2Fmedia&parent=15223"}],"wp:term":[{"taxonomy":"product_cat","embeddable":true,"href":"https:\/\/insumosmedicosoal.cl\/index.php?rest_route=%2Fwp%2Fv2%2Fproduct_cat&post=15223"},{"taxonomy":"product_tag","embeddable":true,"href":"https:\/\/insumosmedicosoal.cl\/index.php?rest_route=%2Fwp%2Fv2%2Fproduct_tag&post=15223"}],"curies":[{"name":"wp","href":"https:\/\/api.w.org\/{rel}","templated":true}]}}