{"id":15229,"date":"2026-04-17T16:03:14","date_gmt":"2026-04-17T20:03:14","guid":{"rendered":"https:\/\/insumosmedicosoal.cl\/?post_type=product&#038;p=15229"},"modified":"2026-04-17T16:03:14","modified_gmt":"2026-04-17T20:03:14","slug":"alza-bano-wc-con-apoya-brazos","status":"publish","type":"product","link":"https:\/\/insumosmedicosoal.cl\/?product=alza-bano-wc-con-apoya-brazos","title":{"rendered":"ALZA BA\u00d1O WC CON APOYA BRAZOS"},"content":{"rendered":"<p data-start=\"215\" data-end=\"535\"><strong>DESCRIPCI\u00d3N:<\/strong><\/p>\n<p data-start=\"215\" data-end=\"535\">El\u00a0Alza de ba\u00f1o WC\u00a0con apoyabrazos\u00a0ha sido especialmente dise\u00f1ado para personas con limitaciones de flexibilidad en piernas o rodillas, as\u00ed como para quienes se encuentran en procesos de recuperaci\u00f3n postoperatoria. Su principal objetivo es ofrecer comodidad y seguridad durante el uso del ba\u00f1o.<\/p>\n<p data-start=\"537\" data-end=\"814\">Este alza cuenta con un\u00a0<strong>sistema de fijaci\u00f3n<\/strong>\u00a0seguro a la taza del ba\u00f1o, garantizando estabilidad y tranquilidad al usuario, mientras facilita la rutina diaria. Representa una soluci\u00f3n integral para mejorar la independencia y calidad de vida de personas con movilidad reducida.<\/p>\n<p data-start=\"537\" data-end=\"814\"><strong>ESPECIFICACIONES TECNICAS:<\/strong><\/p>\n<ul>\n<li data-start=\"856\" data-end=\"897\">Material: Pl\u00e1stico ABS de alta densidad<\/li>\n<li data-start=\"900\" data-end=\"922\">Carga m\u00e1xima: 100 kg<\/li>\n<li data-start=\"925\" data-end=\"961\">Altura hasta el apoyabrazos: 33 cm<\/li>\n<li data-start=\"964\" data-end=\"1049\">Sistema de seguridad: Seguro de fijaci\u00f3n a la taza del ba\u00f1o para m\u00e1xima estabilidad<\/li>\n<li data-start=\"1052\" data-end=\"1131\">Uso: Incrementa la comodidad y seguridad al sentarse y levantarse del inodoro<\/li>\n<li data-start=\"1134\" data-end=\"1146\">Peso: 3 kg<\/li>\n<\/ul>\n","protected":false},"excerpt":{"rendered":"<p><strong>ALZA BA\u00d1O WC CON APOYA BRAZOS<\/strong><\/p>\n<p><strong>CODIGO:<\/strong> 10301713<br \/>\n<strong>COLOR:<\/strong> Blanco<\/p>\n","protected":false},"featured_media":15230,"comment_status":"open","ping_status":"closed","template":"","meta":[],"product_cat":[15],"product_tag":[],"class_list":{"0":"post-15229","1":"product","2":"type-product","3":"status-publish","4":"has-post-thumbnail","6":"product_cat-uncategorized","8":"first","9":"instock","10":"sale","11":"shipping-taxable","12":"purchasable","13":"product-type-simple"},"_links":{"self":[{"href":"https:\/\/insumosmedicosoal.cl\/index.php?rest_route=\/wp\/v2\/product\/15229","targetHints":{"allow":["GET"]}}],"collection":[{"href":"https:\/\/insumosmedicosoal.cl\/index.php?rest_route=\/wp\/v2\/product"}],"about":[{"href":"https:\/\/insumosmedicosoal.cl\/index.php?rest_route=\/wp\/v2\/types\/product"}],"replies":[{"embeddable":true,"href":"https:\/\/insumosmedicosoal.cl\/index.php?rest_route=%2Fwp%2Fv2%2Fcomments&post=15229"}],"version-history":[{"count":1,"href":"https:\/\/insumosmedicosoal.cl\/index.php?rest_route=\/wp\/v2\/product\/15229\/revisions"}],"predecessor-version":[{"id":15231,"href":"https:\/\/insumosmedicosoal.cl\/index.php?rest_route=\/wp\/v2\/product\/15229\/revisions\/15231"}],"wp:featuredmedia":[{"embeddable":true,"href":"https:\/\/insumosmedicosoal.cl\/index.php?rest_route=\/wp\/v2\/media\/15230"}],"wp:attachment":[{"href":"https:\/\/insumosmedicosoal.cl\/index.php?rest_route=%2Fwp%2Fv2%2Fmedia&parent=15229"}],"wp:term":[{"taxonomy":"product_cat","embeddable":true,"href":"https:\/\/insumosmedicosoal.cl\/index.php?rest_route=%2Fwp%2Fv2%2Fproduct_cat&post=15229"},{"taxonomy":"product_tag","embeddable":true,"href":"https:\/\/insumosmedicosoal.cl\/index.php?rest_route=%2Fwp%2Fv2%2Fproduct_tag&post=15229"}],"curies":[{"name":"wp","href":"https:\/\/api.w.org\/{rel}","templated":true}]}}