{"id":15232,"date":"2026-04-17T16:12:07","date_gmt":"2026-04-17T20:12:07","guid":{"rendered":"https:\/\/insumosmedicosoal.cl\/?post_type=product&#038;p=15232"},"modified":"2026-04-17T16:12:08","modified_gmt":"2026-04-17T20:12:08","slug":"bano-portatil-wc-plegable-con-ruedas-y-apoya-brazos","status":"publish","type":"product","link":"https:\/\/insumosmedicosoal.cl\/?product=bano-portatil-wc-plegable-con-ruedas-y-apoya-brazos","title":{"rendered":"BA\u00d1O PORTATIL WC PLEGABLE CON RUEDAS Y APOYA BRAZOS"},"content":{"rendered":"<p data-start=\"155\" data-end=\"492\"><strong>DESCRIPCI\u00d3N:<\/strong><\/p>\n<p data-start=\"155\" data-end=\"492\">El\u00a0Ba\u00f1o Port\u00e1til de Aluminio con Ruedas\u00a0est\u00e1 dise\u00f1ado para brindar\u00a0comodidad, seguridad y accesibilidad\u00a0a personas con movilidad reducida. Su\u00a0estructura de aluminio reforzado y liviano\u00a0garantiza una alta durabilidad, incluso en\u00a0ambientes h\u00famedos o con presencia de agua, convirti\u00e9ndolo en una opci\u00f3n confiable y pr\u00e1ctica.<\/p>\n<p data-start=\"494\" data-end=\"774\">Gracias a su dise\u00f1o m\u00f3vil, facilita el traslado del usuario, mientras que los\u00a0frenos en dos ruedas\u00a0aseguran estabilidad durante su uso. Incorpora\u00a0apoyabrazos pl\u00e1sticos\u00a0y un asiento c\u00f3modo, ofreciendo una soluci\u00f3n funcional tanto para el hogar como para centros de cuidado.<\/p>\n<p data-start=\"494\" data-end=\"774\"><strong>CARACTERISTICAS PRINCIPALES:<\/strong><\/p>\n<ul>\n<li data-start=\"815\" data-end=\"871\">Estructura de aluminio reforzado, resistente y liviana<\/li>\n<li data-start=\"874\" data-end=\"922\">Dise\u00f1o port\u00e1til con ruedas para f\u00e1cil traslado<\/li>\n<li data-start=\"925\" data-end=\"968\">Frenos en dos ruedas para mayor seguridad<\/li>\n<li data-start=\"971\" data-end=\"1011\">Apto para ambientes h\u00famedos o con agua<\/li>\n<li data-start=\"1014\" data-end=\"1049\">Apoyabrazos pl\u00e1sticos ergon\u00f3micos<\/li>\n<li data-start=\"1052\" data-end=\"1088\">Asiento c\u00f3modo y de f\u00e1cil limpieza<\/li>\n<li data-start=\"1091\" data-end=\"1126\">Balde extra\u00edble de gran capacidad<\/li>\n<\/ul>\n<p><strong>ESPECIFICACIONES TECNICAS:<\/strong><\/p>\n<ul>\n<li data-start=\"1165\" data-end=\"1180\"><strong data-start=\"1165\" data-end=\"1178\">Material Estructura:\u00a0<\/strong>Aluminio reforzado<\/li>\n<li data-start=\"1222\" data-end=\"1252\"><strong>Materia Asiento:<\/strong>\u00a0Pl\u00e1stico resistente<\/li>\n<li data-start=\"1255\" data-end=\"1287\"><strong data-start=\"1255\" data-end=\"1278\">Resistencia m\u00e1xima:<\/strong>\u00a0100 kg<\/li>\n<li data-start=\"1290\" data-end=\"1319\"><strong data-start=\"1290\" data-end=\"1311\">Ancho de la taza:<\/strong>\u00a046 cm<\/li>\n<li data-start=\"1322\" data-end=\"1358\"><strong data-start=\"1322\" data-end=\"1346\">Capacidad del balde:<\/strong>\u00a012 litros<\/li>\n<li data-start=\"1361\" data-end=\"1389\"><strong data-start=\"1361\" data-end=\"1377\">Apoyabrazos:<\/strong>\u00a0Pl\u00e1sticos<\/li>\n<li data-start=\"1392\" data-end=\"1439\"><strong data-start=\"1392\" data-end=\"1403\">Ruedas:<\/strong>\u00a04 ruedas, con freno en 2 de ellas<\/li>\n<li data-start=\"1442\" data-end=\"1490\"><strong data-start=\"1442\" data-end=\"1451\">Tipo:<\/strong>\u00a0Ba\u00f1o port\u00e1til de aluminio con ruedas<\/li>\n<\/ul>\n","protected":false},"excerpt":{"rendered":"<p><strong>BA\u00d1O PORTATIL WC PLEGABLE CON RUEDAS Y APOYA BRAZOS<\/strong><\/p>\n<p><strong>CODIGO:<\/strong> 10301712<br \/>\n<strong>COLOR:<\/strong> Blanco<\/p>\n","protected":false},"featured_media":15233,"comment_status":"open","ping_status":"closed","template":"","meta":[],"product_cat":[15],"product_tag":[],"class_list":{"0":"post-15232","1":"product","2":"type-product","3":"status-publish","4":"has-post-thumbnail","6":"product_cat-uncategorized","8":"first","9":"instock","10":"sale","11":"shipping-taxable","12":"purchasable","13":"product-type-simple"},"_links":{"self":[{"href":"https:\/\/insumosmedicosoal.cl\/index.php?rest_route=\/wp\/v2\/product\/15232","targetHints":{"allow":["GET"]}}],"collection":[{"href":"https:\/\/insumosmedicosoal.cl\/index.php?rest_route=\/wp\/v2\/product"}],"about":[{"href":"https:\/\/insumosmedicosoal.cl\/index.php?rest_route=\/wp\/v2\/types\/product"}],"replies":[{"embeddable":true,"href":"https:\/\/insumosmedicosoal.cl\/index.php?rest_route=%2Fwp%2Fv2%2Fcomments&post=15232"}],"version-history":[{"count":1,"href":"https:\/\/insumosmedicosoal.cl\/index.php?rest_route=\/wp\/v2\/product\/15232\/revisions"}],"predecessor-version":[{"id":15234,"href":"https:\/\/insumosmedicosoal.cl\/index.php?rest_route=\/wp\/v2\/product\/15232\/revisions\/15234"}],"wp:featuredmedia":[{"embeddable":true,"href":"https:\/\/insumosmedicosoal.cl\/index.php?rest_route=\/wp\/v2\/media\/15233"}],"wp:attachment":[{"href":"https:\/\/insumosmedicosoal.cl\/index.php?rest_route=%2Fwp%2Fv2%2Fmedia&parent=15232"}],"wp:term":[{"taxonomy":"product_cat","embeddable":true,"href":"https:\/\/insumosmedicosoal.cl\/index.php?rest_route=%2Fwp%2Fv2%2Fproduct_cat&post=15232"},{"taxonomy":"product_tag","embeddable":true,"href":"https:\/\/insumosmedicosoal.cl\/index.php?rest_route=%2Fwp%2Fv2%2Fproduct_tag&post=15232"}],"curies":[{"name":"wp","href":"https:\/\/api.w.org\/{rel}","templated":true}]}}